{"id":1961,"date":"2024-01-16T13:59:19","date_gmt":"2024-01-16T13:59:19","guid":{"rendered":"https:\/\/gromada-erasmus.eu\/?page_id=1961"},"modified":"2024-01-24T08:55:57","modified_gmt":"2024-01-24T08:55:57","slug":"lund-university","status":"publish","type":"page","link":"https:\/\/gromada-erasmus.eu\/uk\/lund-university\/","title":{"rendered":"\u041b\u0443\u043d\u0434\u0441\u044c\u043a\u0438\u0439 \u0443\u043d\u0456\u0432\u0435\u0440\u0441\u0438\u0442\u0435\u0442"},"content":{"rendered":"<div class=\"wpb-content-wrapper\"><div data-vc-full-width=\"true\" data-vc-full-width-init=\"false\" data-vc-stretch-content=\"true\" class=\"vc_row wpb_row vc_row-fluid vc_custom_1705414742693 vc_row-has-fill vc_row-no-padding\"><div class=\"wpb_column vc_column_container vc_col-sm-3 vc_col-has-fill\"><div class=\"vc_column-inner vc_custom_1457621688297\"><div class=\"wpb_wrapper\">\n\t<div  class=\"wpb_single_image wpb_content_element vc_align_left  vc_custom_1705414762625\">\n\t\t\n\t\t<figure class=\"wpb_wrapper vc_figure\">\n\t\t\t<div class=\"vc_single_image-wrapper   vc_box_border_grey\"><img fetchpriority=\"high\" decoding=\"async\" width=\"238\" height=\"300\" src=\"https:\/\/gromada-erasmus.eu\/wp-content\/uploads\/2024\/01\/lunduniversity-238x300.png\" class=\"vc_single_image-img attachment-medium\" alt=\"lund\" title=\"lunduniversity\" srcset=\"https:\/\/gromada-erasmus.eu\/wp-content\/uploads\/2024\/01\/lunduniversity-238x300.png 238w, https:\/\/gromada-erasmus.eu\/wp-content\/uploads\/2024\/01\/lunduniversity.png 704w\" sizes=\"(max-width: 238px) 100vw, 238px\" \/><\/div>\n\t\t<\/figure>\n\t<\/div>\n\n    <a href=\"https:\/\/www.lu.se\/\" class=\"btn-orange btn-small btn-gm\" style=\"                    \">\n        \u0412\u0456\u0434\u0432\u0456\u0434\u0430\u0442\u0438 \u0432\u0435\u0431\u0441\u0430\u0439\u0442        <i class=\"fa fa-chevron-right\" style=\"color: ; background:; border-color:;\"><\/i>\n    <\/a>\n\n<\/div><\/div><\/div><div class=\"wpb_column vc_column_container vc_col-sm-9\"><div class=\"vc_column-inner\"><div class=\"wpb_wrapper\"><div class=\"vc_row wpb_row vc_inner vc_row-fluid vc_custom_1705414419856\"><div class=\"wpb_column vc_column_container vc_col-sm-12\"><div class=\"vc_column-inner\"><div class=\"wpb_wrapper\">\n<div class=\"left  herotext universal\">\n    \n    \n                                \n                    <div class=\"blq  description\"\n                 style=\"font-size: 16px;padding-bottom: 4px;\">PROJECT COORDINATOR<\/div>\n        \n        \n\n                            <h1 class=\"heading\" style=\"font-size: 30px;padding-bottom: 30px;\">\u041b\u0443\u043d\u0434\u0441\u044c\u043a\u0438\u0439 \u0443\u043d\u0456\u0432\u0435\u0440\u0441\u0438\u0442\u0435\u0442<\/h1>\n                        \n        \n        \n\n                                    <div class=\"line\"\n                 style=\"margin-bottom: 40px;\"><\/div>\n                \n        \n        \n\n                                            <div class=\"text\"\n                 style=\"color: #888888;\"><\/p>\n<div class=\"wp-block-group is-layout-constrained wp-block-group-is-layout-constrained\">\n<div class=\"wp-block-group__inner-container\">\n<p>\u041b\u0443\u043d\u0434\u0441\u044c\u043a\u0438\u0439 \u0443\u043d\u0456\u0432\u0435\u0440\u0441\u0438\u0442\u0435\u0442, \u0443 \u044f\u043a\u043e\u043c\u0443 \u043d\u0430\u0432\u0447\u0430\u0454\u0442\u044c\u0441\u044f \u0431\u043b\u0438\u0437\u044c\u043a\u043e 46 000 \u0441\u0442\u0443\u0434\u0435\u043d\u0442\u0456\u0432 \u0456 \u043f\u0440\u0430\u0446\u044e\u0454 \u043f\u043e\u043d\u0430\u0434 8 400 \u0441\u043f\u0456\u0432\u0440\u043e\u0431\u0456\u0442\u043d\u0438\u043a\u0456\u0432, \u0437\u0430\u0439\u043c\u0430\u0454\u0442\u044c\u0441\u044f \u043d\u0430\u0434\u0430\u043d\u043d\u044f\u043c \u043e\u0441\u0432\u0456\u0442\u0438 \u0442\u0430 \u0434\u043e\u0441\u043b\u0456\u0434\u0436\u0435\u043d\u043d\u044f\u043c\u0438 \u0432 \u0440\u0456\u0437\u043d\u0438\u0445 \u0433\u0430\u043b\u0443\u0437\u044f\u0445, \u0442\u0430\u043a\u0438\u0445 \u044f\u043a \u0435\u043a\u043e\u043d\u043e\u043c\u0456\u043a\u0430, \u043c\u0435\u043d\u0435\u0434\u0436\u043c\u0435\u043d\u0442, \u0456\u043d\u0436\u0435\u043d\u0435\u0440\u0456\u044f, \u043e\u0431\u0440\u0430\u0437\u043e\u0442\u0432\u043e\u0440\u0447\u0435 \u043c\u0438\u0441\u0442\u0435\u0446\u0442\u0432\u043e, \u0433\u0443\u043c\u0430\u043d\u0456\u0442\u0430\u0440\u043d\u0456 \u043d\u0430\u0443\u043a\u0438, \u043f\u0440\u0430\u0432\u043e, \u043c\u0435\u0434\u0438\u0446\u0438\u043d\u0430, \u043d\u0430\u0443\u043a\u0430 \u0442\u0430 \u0441\u043e\u0446\u0456\u0430\u043b\u044c\u043d\u0456 \u043d\u0430\u0443\u043a\u0438. \u0423\u043d\u0456\u0432\u0435\u0440\u0441\u0438\u0442\u0435\u0442 \u043f\u0440\u0438\u0434\u0456\u043b\u044f\u0454 \u0437\u043d\u0430\u0447\u043d\u0443 \u0443\u0432\u0430\u0433\u0443 \u0441\u0442\u0430\u043b\u043e\u043c\u0443 \u0440\u043e\u0437\u0432\u0438\u0442\u043a\u0443, \u043f\u0440\u043e \u0449\u043e \u0441\u0432\u0456\u0434\u0447\u0438\u0442\u044c \u0441\u0442\u0432\u043e\u0440\u0435\u043d\u043d\u044f \u0424\u043e\u0440\u0443\u043c\u0443 \u0441\u0442\u0430\u043b\u043e\u0433\u043e \u0440\u043e\u0437\u0432\u0438\u0442\u043a\u0443, \u044f\u043a\u0438\u0439 \u0432\u0438\u0441\u0442\u0443\u043f\u0430\u0454 \u0433\u043e\u043b\u043e\u0432\u043d\u043e\u044e \u043e\u0440\u0433\u0430\u043d\u0456\u0437\u0430\u0446\u0456\u0454\u044e \u0434\u043b\u044f \u0441\u0442\u0440\u0430\u0442\u0435\u0433\u0456\u0447\u043d\u043e\u0457 \u043f\u0456\u0434\u0442\u0440\u0438\u043c\u043a\u0438 \u0442\u0430 \u043a\u043e\u043e\u0440\u0434\u0438\u043d\u0430\u0446\u0456\u0457 \u043f\u0438\u0442\u0430\u043d\u044c \u0441\u0442\u0430\u043b\u043e\u0433\u043e \u0440\u043e\u0437\u0432\u0438\u0442\u043a\u0443.<\/p>\n<\/div>\n<\/div>\n<p>\u042e\u0440\u0438\u0434\u0438\u0447\u043d\u0438\u0439 \u0444\u0430\u043a\u0443\u043b\u044c\u0442\u0435\u0442 \u041b\u0443\u043d\u0434\u0441\u044c\u043a\u043e\u0433\u043e \u0443\u043d\u0456\u0432\u0435\u0440\u0441\u0438\u0442\u0435\u0442\u0443 \u043e\u0441\u043e\u0431\u043b\u0438\u0432\u043e \u0432\u0456\u0434\u043e\u043c\u0438\u0439 \u0441\u0432\u043e\u0457\u043c \u0434\u043e\u0441\u0432\u0456\u0434\u043e\u043c \u0443 \u0441\u0444\u0435\u0440\u0456 \u043c\u0456\u0436\u043d\u0430\u0440\u043e\u0434\u043d\u043e\u0433\u043e \u043f\u0443\u0431\u043b\u0456\u0447\u043d\u043e\u0433\u043e \u0442\u0430 \u0435\u043a\u043e\u043b\u043e\u0433\u0456\u0447\u043d\u043e\u0433\u043e \u043f\u0440\u0430\u0432\u0430. \u041c\u0430\u044e\u0447\u0438 \u0431\u0430\u0433\u0430\u0442\u0443 \u0456\u0441\u0442\u043e\u0440\u0456\u044e, \u043f\u043e\u0447\u0438\u043d\u0430\u044e\u0447\u0438 \u0437 1666 \u0440\u043e\u043a\u0443, \u0444\u0430\u043a\u0443\u043b\u044c\u0442\u0435\u0442 \u043c\u0430\u0454 \u0432\u0438\u0437\u043d\u0430\u0447\u043d\u0443 \u0430\u043a\u0442\u0438\u0432\u043d\u0456\u0441\u0442\u044c \u0432 \u0433\u0430\u043b\u0443\u0437\u0456 \u0433\u0443\u043c\u0430\u043d\u0456\u0442\u0430\u0440\u043d\u043e\u0433\u043e \u043f\u0440\u0430\u0432\u0430. \u041f\u0440\u043e\u043f\u043e\u043d\u0443\u044e\u0447\u0438 \u0431\u0430\u043a\u0430\u043b\u0430\u0432\u0440\u0441\u044c\u043a\u0456 \u0442\u0430 \u043c\u0430\u0433\u0456\u0441\u0442\u0435\u0440\u0441\u044c\u043a\u0456 \u043f\u0440\u043e\u0433\u0440\u0430\u043c\u0438, \u0430 \u0442\u0430\u043a\u043e\u0436 \u043c\u0456\u0436\u043d\u0430\u0440\u043e\u0434\u043d\u0456 \u043c\u0430\u0433\u0456\u0441\u0442\u0435\u0440\u0441\u044c\u043a\u0456 \u043f\u0440\u043e\u0433\u0440\u0430\u043c\u0438 \u0432 \u0433\u0430\u043b\u0443\u0437\u0456 \u0433\u0443\u043c\u0430\u043d\u0456\u0442\u0430\u0440\u043d\u043e\u0433\u043e \u043f\u0440\u0430\u0432\u0430 \u0442\u0430 \u0454\u0432\u0440\u043e\u043f\u0435\u0439\u0441\u044c\u043a\u043e\u0433\u043e \u043a\u043e\u043c\u0435\u0440\u0446\u0456\u0439\u043d\u043e\u0433\u043e \u043f\u0440\u0430\u0432\u0430, \u0444\u0430\u043a\u0443\u043b\u044c\u0442\u0435\u0442 \u043d\u0430\u0434\u0430\u0454 \u0441\u0442\u0443\u0434\u0435\u043d\u0442\u0430\u043c \u0432\u0430\u0436\u043b\u0438\u0432\u0443 \u043f\u0435\u0440\u0441\u043f\u0435\u043a\u0442\u0438\u0432\u0443, \u043f\u043e\u0432\u2019\u044f\u0437\u0430\u043d\u0443 \u0437 \u043f\u043e\u0442\u043e\u0447\u043d\u0438\u043c\u0438 \u0434\u043e\u0441\u043b\u0456\u0434\u0436\u0435\u043d\u043d\u044f\u043c\u0438.<\/p>\n<p>\u041d\u0430\u0443\u043a\u043e\u0432\u0435 \u0441\u043f\u0456\u043b\u044c\u043d\u043e\u0442\u0430 \u0444\u0430\u043a\u0443\u043b\u044c\u0442\u0435\u0442\u0443, \u0449\u043e \u0441\u043a\u043b\u0430\u0434\u0430\u0454\u0442\u044c\u0441\u044f \u0437 \u043f\u0440\u043e\u0444\u0435\u0441\u043e\u0440\u0456\u0432 \u043c\u0456\u0436\u043d\u0430\u0440\u043e\u0434\u043d\u043e\u0433\u043e \u043f\u0440\u0430\u0432\u0430, \u0430\u0434\u2019\u044e\u043d\u043a\u0442\u0456\u0432 \u0456 \u0434\u043e\u0446\u0435\u043d\u0442\u0456\u0432, \u043f\u043e\u0441\u0442\u0434\u043e\u043a\u0442\u043e\u0440\u0430\u043d\u0442\u0456\u0432 \u0456 \u0434\u043e\u043a\u0442\u043e\u0440\u0430\u043d\u0442\u0456\u0432, \u0437\u043e\u0441\u0435\u0440\u0435\u0434\u0436\u0443\u0454\u0442\u044c\u0441\u044f \u043d\u0430 \u043f\u0440\u0430\u0432\u0430\u0445 \u043b\u044e\u0434\u0438\u043d\u0438, \u0435\u043a\u043e\u043b\u043e\u0433\u0456\u0447\u043d\u043e\u043c\u0443 \u043f\u0440\u0430\u0432\u0456 \u0442\u0430 \u0437\u0430\u043a\u043e\u043d\u043e\u0434\u0430\u0432\u0441\u0442\u0432\u0456 \u0437\u0456 \u0441\u0442\u0430\u043b\u043e\u0433\u043e \u0440\u043e\u0437\u0432\u0438\u0442\u043a\u0443, \u043d\u043e\u0432\u0438\u0445 \u0442\u0435\u0445\u043d\u043e\u043b\u043e\u0433\u0456\u044f\u0445, \u043c\u0456\u0436\u043d\u0430\u0440\u043e\u0434\u043d\u043e\u043c\u0443 \u0435\u043a\u043e\u043d\u043e\u043c\u0456\u0447\u043d\u043e\u043c\u0443 \u043f\u0440\u0430\u0432\u0456 \u0442\u0430 \u043f\u0435\u0440\u0435\u0442\u0438\u043d\u0456 \u043c\u0456\u0436\u043d\u0430\u0440\u043e\u0434\u043d\u043e\u0433\u043e \u0442\u0430 \u0435\u043a\u043e\u043b\u043e\u0433\u0456\u0447\u043d\u043e\u0433\u043e \u043f\u0440\u0430\u0432\u0430 \u0437 \u0456\u043d\u0448\u0438\u043c\u0438 \u0434\u0438\u0441\u0446\u0438\u043f\u043b\u0456\u043d\u0430\u043c\u0438. \u0412\u0437\u0430\u0454\u043c\u043e\u0434\u0456\u044f \u0437 \u0456\u043d\u0448\u0438\u043c\u0438 \u0444\u0430\u043a\u0443\u043b\u044c\u0442\u0435\u0442\u0430\u043c\u0438 \u0432 \u041b\u0443\u043d\u0434\u0441\u044c\u043a\u043e\u043c\u0443 \u0443\u043d\u0456\u0432\u0435\u0440\u0441\u0438\u0442\u0435\u0442\u0456 \u0442\u0430 \u0456\u043d\u0441\u0442\u0438\u0442\u0443\u0446\u0456\u044f\u043c\u0438 \u043f\u043e \u0432\u0441\u0456\u0439 \u0404\u0432\u0440\u043e\u043f\u0456 \u043f\u0440\u043e\u044f\u0432\u043b\u044f\u0454\u0442\u044c\u0441\u044f \u0432 \u0441\u0435\u043c\u0456\u043d\u0430\u0440\u0430\u0445, \u0432\u043e\u0440\u043a\u0448\u043e\u043f\u0430\u0445, \u043a\u043e\u043d\u0444\u0435\u0440\u0435\u043d\u0446\u0456\u044f\u0445 \u0442\u0430 \u0437\u0430\u043b\u0443\u0447\u0435\u043d\u043d\u0456 \u0437\u0430\u043f\u0440\u043e\u0448\u0435\u043d\u0438\u0445 \u0456\u043d\u043e\u0437\u0435\u043c\u043d\u0438\u0445 \u0434\u043e\u0441\u043b\u0456\u0434\u043d\u0438\u043a\u0456\u0432, \u0449\u043e \u0437\u0431\u0430\u0433\u0430\u0447\u0443\u0454 \u0437\u0430\u0433\u0430\u043b\u044c\u043d\u0435 \u0434\u043e\u0441\u043b\u0456\u0434\u043d\u0438\u0446\u044c\u043a\u0435 \u0441\u0435\u0440\u0435\u0434\u043e\u0432\u0438\u0449\u0435.<\/p>\n<\/div>\n        \n        \n        \n\n        \n\n        \n    <\/div>\n<\/div><\/div><\/div><\/div><\/div><\/div><\/div><\/div><div class=\"vc_row-full-width vc_clearfix\"><\/div><div data-vc-full-width=\"true\" data-vc-full-width-init=\"false\" data-vc-stretch-content=\"true\" class=\"vc_row wpb_row vc_row-fluid vc_row-no-padding\"><div class=\"wpb_column vc_column_container vc_col-sm-12\"><div class=\"vc_column-inner\"><div class=\"wpb_wrapper\"><\/div><\/div><\/div><\/div><div class=\"vc_row-full-width vc_clearfix\"><\/div><div data-vc-full-width=\"true\" data-vc-full-width-init=\"false\" class=\"vc_row wpb_row vc_row-fluid vc_custom_1705414821634 vc_row-has-fill\"><div class=\"home-our-services wpb_column vc_column_container vc_col-sm-6\"><div class=\"vc_column-inner vc_custom_1705415320366\"><div class=\"wpb_wrapper\">\n<div class=\"left  herotext universal\">\n    \n    \n                    <h2 style=\"\">\n                \u041b\u0443\u043d\u0434\u0441\u044c\u043a\u0438\u0439 \u0443\u043d\u0456\u0432\u0435\u0440\u0441\u0438\u0442\u0435\u0442<\/h2>\n                                \n        \n        \n\n                            <h1 class=\"heading\" style=\"padding-bottom: 30px;\">\u041a\u043e\u043c\u0430\u043d\u0434\u0430<\/h1>\n                        \n        \n        \n\n                                \n        \n        \n\n                                    <div class=\"line\"\n                 style=\"margin-bottom: 40px;\"><\/div>\n                \n        \n        \n\n                                            <div class=\"text\"\n                 style=\"\"><p>\u041f\u043e\u0437\u043d\u0430\u0439\u043e\u043c\u0442\u0435\u0441\u044f \u0437 \u043f\u0440\u0438\u0441\u0442\u0440\u0430\u0441\u043d\u0438\u043c\u0438 \u0443\u043c\u0430\u043c\u0438, \u044f\u043a\u0456 \u0441\u0442\u043e\u044f\u0442\u044c \u0437\u0430 \u043d\u0430\u0448\u043e\u044e \u043f\u043e\u0434\u043e\u0440\u043e\u0436\u0436\u044e \u043f\u0440\u043e\u0433\u0440\u0430\u043c\u043e\u044e \u0415\u0440\u0430\u0437\u043c\u0443\u0441! \u041e\u0431\u2019\u0454\u0434\u043d\u0430\u043d\u0430 \u0441\u043f\u0456\u043b\u044c\u043d\u0438\u043c \u0431\u0430\u0447\u0435\u043d\u043d\u044f\u043c \u0433\u043b\u043e\u0431\u0430\u043b\u044c\u043d\u043e\u0457 \u043e\u0441\u0432\u0456\u0442\u0438, \u043d\u0430\u0448\u0430 \u0440\u0456\u0437\u043d\u043e\u043c\u0430\u043d\u0456\u0442\u043d\u0430 \u043a\u043e\u043c\u0430\u043d\u0434\u0430 \u0441\u043f\u043e\u043b\u0443\u0447\u0430\u0454 \u0442\u0430\u043b\u0430\u043d\u0442, \u043a\u0440\u0435\u0430\u0442\u0438\u0432\u043d\u0456\u0441\u0442\u044c \u0456 \u043d\u0435\u0432\u043f\u0438\u043d\u043d\u0435 \u043f\u0440\u0430\u0433\u043d\u0435\u043d\u043d\u044f \u0434\u043e \u043c\u0456\u0436\u043a\u0443\u043b\u044c\u0442\u0443\u0440\u043d\u043e\u0433\u043e \u0437\u0431\u0430\u0433\u0430\u0447\u0435\u043d\u043d\u044f.<\/p>\n<\/div>\n                \n        \n\n        \n    <\/div>\n<\/div><\/div><\/div><div class=\"wpb_column vc_column_container vc_col-sm-6\"><div class=\"vc_column-inner\"><div class=\"wpb_wrapper\">\n<div class=\"home-our-team\">\n    <div class=\"our-team-carousel\">\n        <!-- end of code from VC -->\n    <div class=\"block\">\n        <div class=\"picture\">\n            <img decoding=\"async\" src=\"https:\/\/gromada-erasmus.eu\/wp-content\/uploads\/2024\/01\/britta-1.jpeg\" class=\"img-responsive\" alt=\"\">\n\n            <div class=\"member-overlay\">\n                <div class=\"icons\">\n                    <div>\n                                                                                                                    <\/div>\n                <\/div>\n            <\/div>\n            <div class=\"info\">\n                                    <div class=\"name\">Britta Sj\u00f6stedt<\/div>\n                                                    <div class=\"designation\">\u041b\u0443\u043d\u0434\u0441\u044c\u043a\u0438\u0439 \u0443\u043d\u0456\u0432\u0435\u0440\u0441\u0438\u0442\u0435\u0442<\/div>\n                            <\/div>\n        <\/div>\n    <\/div><!-- end of code from VC -->\n    <div class=\"block\">\n        <div class=\"picture\">\n            <img decoding=\"async\" src=\"https:\/\/gromada-erasmus.eu\/wp-content\/uploads\/2024\/01\/photo-nicole-citeroni.jpg\" class=\"img-responsive\" alt=\"\">\n\n            <div class=\"member-overlay\">\n                <div class=\"icons\">\n                    <div>\n                                                                                                                    <\/div>\n                <\/div>\n            <\/div>\n            <div class=\"info\">\n                                    <div class=\"name\">Nicole Citeroni<\/div>\n                                                    <div class=\"designation\">\u041b\u0443\u043d\u0434\u0441\u044c\u043a\u0438\u0439 \u0443\u043d\u0456\u0432\u0435\u0440\u0441\u0438\u0442\u0435\u0442<\/div>\n                            <\/div>\n        <\/div>\n    <\/div><!-- end of code from VC -->\n    <div class=\"block\">\n        <div class=\"picture\">\n            <img decoding=\"async\" src=\"https:\/\/gromada-erasmus.eu\/wp-content\/uploads\/2024\/01\/Jasmin.jpg\" class=\"img-responsive\" alt=\"\">\n\n            <div class=\"member-overlay\">\n                <div class=\"icons\">\n                    <div>\n                                                                                                                    <\/div>\n                <\/div>\n            <\/div>\n            <div class=\"info\">\n                                    <div class=\"name\">Jasmin \u00d6yk\u00fc \u00d6zdemir<\/div>\n                                                    <div class=\"designation\">\u041b\u0443\u043d\u0434\u0441\u044c\u043a\u0438\u0439 \u0443\u043d\u0456\u0432\u0435\u0440\u0441\u0438\u0442\u0435\u0442<\/div>\n                            <\/div>\n        <\/div>\n    <\/div>    <\/div>\n<\/div><\/div><\/div><\/div><\/div><div class=\"vc_row-full-width vc_clearfix\"><\/div>\n<\/div>","protected":false},"excerpt":{"rendered":"VISIT WEBSITE PROJECT COORDINATOR Lund University Lund University, with around 46,000 students and over 8,400 employees, is committed to providing education and research in various fields such as economics, management, engineering, fine arts, humanities, law, medicine, science, and social sciences. The university places a strong emphasis on sustainable development, evident in the establishment of the [...]","protected":false},"author":1,"featured_media":0,"parent":0,"menu_order":0,"comment_status":"closed","ping_status":"closed","template":"","meta":{"footnotes":""},"_links":{"self":[{"href":"https:\/\/gromada-erasmus.eu\/uk\/wp-json\/wp\/v2\/pages\/1961"}],"collection":[{"href":"https:\/\/gromada-erasmus.eu\/uk\/wp-json\/wp\/v2\/pages"}],"about":[{"href":"https:\/\/gromada-erasmus.eu\/uk\/wp-json\/wp\/v2\/types\/page"}],"author":[{"embeddable":true,"href":"https:\/\/gromada-erasmus.eu\/uk\/wp-json\/wp\/v2\/users\/1"}],"replies":[{"embeddable":true,"href":"https:\/\/gromada-erasmus.eu\/uk\/wp-json\/wp\/v2\/comments?post=1961"}],"version-history":[{"count":11,"href":"https:\/\/gromada-erasmus.eu\/uk\/wp-json\/wp\/v2\/pages\/1961\/revisions"}],"predecessor-version":[{"id":2180,"href":"https:\/\/gromada-erasmus.eu\/uk\/wp-json\/wp\/v2\/pages\/1961\/revisions\/2180"}],"wp:attachment":[{"href":"https:\/\/gromada-erasmus.eu\/uk\/wp-json\/wp\/v2\/media?parent=1961"}],"curies":[{"name":"wp","href":"https:\/\/api.w.org\/{rel}","templated":true}]}}